{"id":37509,"date":"2026-04-10T12:45:12","date_gmt":"2026-04-10T17:45:12","guid":{"rendered":"https:\/\/hospediarent.com\/?post_type=product&#038;p=37509"},"modified":"2026-04-10T12:48:16","modified_gmt":"2026-04-10T17:48:16","slug":"decoracion-romantica","status":"publish","type":"product","link":"https:\/\/hospediarent.com\/?product=decoracion-romantica","title":{"rendered":"Decoraci\u00f3n Romantica"},"content":{"rendered":"<p>\u2728 <strong>Noche Rom\u00e1ntica<\/strong><br \/>\nTransforma tu estad\u00eda en un momento inolvidable con una decoraci\u00f3n especial pensada para sorprender. Incluye ambientaci\u00f3n rom\u00e1ntica con p\u00e9talos, velas LED, globos y detalles decorativos que crean una atm\u00f3sfera \u00edntima, elegante y perfecta para celebrar el amor.<\/p>\n","protected":false},"excerpt":{"rendered":"<p>\u2728 Noche Rom\u00e1ntica Transforma tu estad\u00eda en un momento inolvidable con una decoraci\u00f3n especial pensada para sorprender. Incluye ambientaci\u00f3n rom\u00e1ntica con p\u00e9talos, velas LED, globos y detalles decorativos que crean una atm\u00f3sfera \u00edntima, elegante y perfecta para celebrar el amor.<\/p>\n","protected":false},"featured_media":37510,"comment_status":"open","ping_status":"closed","template":"","meta":{"inline_featured_image":false,"_monsterinsights_skip_tracking":false,"_monsterinsights_sitenote_active":false,"_monsterinsights_sitenote_note":"","_monsterinsights_sitenote_category":0},"product_brand":[],"product_cat":[153],"product_tag":[154],"class_list":{"0":"post-37509","1":"product","2":"type-product","3":"status-publish","4":"has-post-thumbnail","6":"product_cat-paquetes","7":"product_tag-paquetes","9":"first","10":"instock","11":"shipping-taxable","12":"purchasable","13":"product-type-simple"},"aioseo_notices":[],"_links":{"self":[{"href":"https:\/\/hospediarent.com\/index.php?rest_route=\/wp\/v2\/product\/37509","targetHints":{"allow":["GET"]}}],"collection":[{"href":"https:\/\/hospediarent.com\/index.php?rest_route=\/wp\/v2\/product"}],"about":[{"href":"https:\/\/hospediarent.com\/index.php?rest_route=\/wp\/v2\/types\/product"}],"replies":[{"embeddable":true,"href":"https:\/\/hospediarent.com\/index.php?rest_route=%2Fwp%2Fv2%2Fcomments&post=37509"}],"wp:featuredmedia":[{"embeddable":true,"href":"https:\/\/hospediarent.com\/index.php?rest_route=\/wp\/v2\/media\/37510"}],"wp:attachment":[{"href":"https:\/\/hospediarent.com\/index.php?rest_route=%2Fwp%2Fv2%2Fmedia&parent=37509"}],"wp:term":[{"taxonomy":"product_brand","embeddable":true,"href":"https:\/\/hospediarent.com\/index.php?rest_route=%2Fwp%2Fv2%2Fproduct_brand&post=37509"},{"taxonomy":"product_cat","embeddable":true,"href":"https:\/\/hospediarent.com\/index.php?rest_route=%2Fwp%2Fv2%2Fproduct_cat&post=37509"},{"taxonomy":"product_tag","embeddable":true,"href":"https:\/\/hospediarent.com\/index.php?rest_route=%2Fwp%2Fv2%2Fproduct_tag&post=37509"}],"curies":[{"name":"wp","href":"https:\/\/api.w.org\/{rel}","templated":true}]}}