{"id":35042,"date":"2019-08-06T10:53:44","date_gmt":"2019-08-06T10:53:44","guid":{"rendered":"https:\/\/main.wprentals.org\/?page_id=35042"},"modified":"2025-08-22T08:24:26","modified_gmt":"2025-08-22T13:24:26","slug":"gdpr-terms-and-conditions","status":"publish","type":"page","link":"https:\/\/hospediarent.com\/?page_id=35042","title":{"rendered":"Terminos y Condiciones"},"content":{"rendered":"\t\t<div data-elementor-type=\"wp-page\" data-elementor-id=\"35042\" class=\"elementor elementor-35042\" data-elementor-post-type=\"page\">\n\t\t\t\t<div class=\"elementor-element elementor-element-5d98606 e-flex e-con-boxed e-con e-parent\" data-id=\"5d98606\" data-element_type=\"container\" data-e-type=\"container\">\n\t\t\t\t\t<div class=\"e-con-inner\">\n\t\t\t\t<div class=\"elementor-element elementor-element-3f6cde94 elementor-widget elementor-widget-text-editor\" data-id=\"3f6cde94\" data-element_type=\"widget\" data-e-type=\"widget\" data-widget_type=\"text-editor.default\">\n\t\t\t\t\t\t\t\t\t<p data-start=\"96\" data-end=\"129\"><strong data-start=\"96\" data-end=\"127\">T\u00e9rminos y Condiciones GDPR<\/strong><\/p><p data-start=\"131\" data-end=\"261\"><strong data-start=\"131\" data-end=\"148\">Qui\u00e9nes somos<\/strong><br data-start=\"148\" data-end=\"151\" \/>Edite este contenido seg\u00fan lo considere necesario. La direcci\u00f3n de nuestro sitio web es [indicar direcci\u00f3n].<\/p><p data-start=\"263\" data-end=\"534\"><strong data-start=\"263\" data-end=\"278\">Comentarios<\/strong><br data-start=\"278\" data-end=\"281\" \/>Cuando los visitantes dejan comentarios en el sitio, recopilamos los datos mostrados en el formulario de comentarios, as\u00ed como la direcci\u00f3n IP del visitante y la cadena del agente de usuario del navegador, con el fin de ayudar en la detecci\u00f3n de spam.<\/p><p data-start=\"536\" data-end=\"953\">Una cadena anonimizada creada a partir de su direcci\u00f3n de correo electr\u00f3nico (tambi\u00e9n llamada \u201chash\u201d) puede ser enviada al servicio Gravatar para verificar si lo est\u00e1 utilizando. La pol\u00edtica de privacidad del servicio Gravatar est\u00e1 disponible aqu\u00ed: <a class=\"decorated-link\" href=\"https:\/\/automattic.com\/privacy\/\" target=\"_new\" rel=\"noopener\" data-start=\"785\" data-end=\"851\">https:\/\/automattic.com\/privacy\/<\/a>. Una vez aprobado su comentario, su foto de perfil ser\u00e1 visible p\u00fablicamente junto a su comentario.<\/p><p data-start=\"955\" data-end=\"1168\"><strong data-start=\"955\" data-end=\"965\">Medios<\/strong><br data-start=\"965\" data-end=\"968\" \/>Si sube im\u00e1genes al sitio web, debe evitar incluir datos de ubicaci\u00f3n integrados (EXIF GPS). Los visitantes del sitio pueden descargar y extraer cualquier dato de ubicaci\u00f3n presente en las im\u00e1genes.<\/p><p data-start=\"1170\" data-end=\"1462\"><strong data-start=\"1170\" data-end=\"1181\">Cookies<\/strong><br data-start=\"1181\" data-end=\"1184\" \/>Si deja un comentario en nuestro sitio, puede optar por guardar su nombre, direcci\u00f3n de correo electr\u00f3nico y sitio web en cookies. Esto es para su comodidad, evitando tener que rellenar sus datos nuevamente en futuros comentarios. Estas cookies tendr\u00e1n una duraci\u00f3n de un a\u00f1o.<\/p><p data-start=\"1464\" data-end=\"1665\">Si tiene una cuenta y accede al sitio, se establecer\u00e1 una cookie temporal para determinar si su navegador acepta cookies. Esta cookie no contiene datos personales y se elimina al cerrar el navegador.<\/p><p data-start=\"1667\" data-end=\"2036\">Al iniciar sesi\u00f3n, tambi\u00e9n configuraremos varias cookies para guardar su informaci\u00f3n de acceso y sus preferencias de visualizaci\u00f3n. Las cookies de inicio de sesi\u00f3n duran dos d\u00edas y las cookies de opciones de pantalla duran un a\u00f1o. Si selecciona \u201cRecordarme\u201d, su sesi\u00f3n se mantendr\u00e1 durante dos semanas. Al cerrar sesi\u00f3n, las cookies de inicio de sesi\u00f3n se eliminar\u00e1n.<\/p><p data-start=\"2038\" data-end=\"2247\">Si edita o publica un art\u00edculo, se guardar\u00e1 una cookie adicional en su navegador. Esta cookie no incluye datos personales y \u00fanicamente indica el ID del art\u00edculo que acaba de editar. Expira despu\u00e9s de un d\u00eda.<\/p><p data-start=\"2249\" data-end=\"2556\"><strong data-start=\"2249\" data-end=\"2296\">Contenido incrustado desde otros sitios web<\/strong><br data-start=\"2296\" data-end=\"2299\" \/>Los art\u00edculos de este sitio pueden incluir contenido incrustado (por ejemplo, videos, im\u00e1genes, art\u00edculos, etc.). El contenido incrustado desde otros sitios se comporta de la misma manera como si el visitante hubiera accedido directamente a ese sitio web.<\/p><p data-start=\"2558\" data-end=\"2830\">Estos sitios web pueden recopilar datos sobre usted, utilizar cookies, incrustar rastreo de terceros adicional y monitorear su interacci\u00f3n con el contenido incrustado, incluyendo el seguimiento de su interacci\u00f3n si tiene una cuenta y ha iniciado sesi\u00f3n en ese sitio web.<\/p><p data-start=\"2832\" data-end=\"3070\"><strong data-start=\"2832\" data-end=\"2868\">Tiempo de retenci\u00f3n de sus datos<\/strong><br data-start=\"2868\" data-end=\"2871\" \/>Si deja un comentario, este y sus metadatos se conservar\u00e1n de manera indefinida. Esto permite reconocer y aprobar autom\u00e1ticamente cualquier comentario posterior, sin necesidad de moderaci\u00f3n manual.<\/p><p data-start=\"3072\" data-end=\"3428\">Para los usuarios que se registren en nuestro sitio web (si aplica), tambi\u00e9n almacenamos la informaci\u00f3n personal proporcionada en su perfil de usuario. Todos los usuarios pueden ver, editar o eliminar su informaci\u00f3n personal en cualquier momento (excepto el nombre de usuario). Los administradores del sitio tambi\u00e9n pueden ver y editar dicha informaci\u00f3n.<\/p><p data-start=\"3430\" data-end=\"3884\"><strong data-start=\"3430\" data-end=\"3462\">Sus derechos sobre sus datos<\/strong><br data-start=\"3462\" data-end=\"3465\" \/>Si tiene una cuenta en este sitio o ha dejado comentarios, puede solicitar recibir un archivo exportado con los datos personales que poseemos sobre usted, incluyendo cualquier informaci\u00f3n que nos haya proporcionado. Tambi\u00e9n puede solicitar que eliminemos cualquier dato personal que tengamos sobre usted, salvo aquella informaci\u00f3n que estemos obligados a conservar por razones administrativas, legales o de seguridad.<\/p>\t\t\t\t\t\t\t\t<\/div>\n\t\t\t\t\t<\/div>\n\t\t\t\t<\/div>\n\t\t\t\t<\/div>\n\t\t","protected":false},"excerpt":{"rendered":"<p>T\u00e9rminos y Condiciones GDPR Qui\u00e9nes somosEdite este contenido seg\u00fan lo considere necesario. La direcci\u00f3n de nuestro sitio web es [indicar direcci\u00f3n]. ComentariosCuando los visitantes dejan comentarios en el sitio, recopilamos los datos mostrados en el formulario de comentarios, as\u00ed como la direcci\u00f3n IP del visitante y la cadena del agente de usuario del navegador, con &#8230;<\/p>\n","protected":false},"author":1,"featured_media":0,"parent":0,"menu_order":0,"comment_status":"closed","ping_status":"closed","template":"gdpr_terms.php","meta":{"inline_featured_image":false,"_monsterinsights_skip_tracking":false,"_monsterinsights_sitenote_active":false,"_monsterinsights_sitenote_note":"","_monsterinsights_sitenote_category":0,"footnotes":""},"class_list":["post-35042","page","type-page","status-publish","hentry"],"aioseo_notices":[],"_links":{"self":[{"href":"https:\/\/hospediarent.com\/index.php?rest_route=\/wp\/v2\/pages\/35042","targetHints":{"allow":["GET"]}}],"collection":[{"href":"https:\/\/hospediarent.com\/index.php?rest_route=\/wp\/v2\/pages"}],"about":[{"href":"https:\/\/hospediarent.com\/index.php?rest_route=\/wp\/v2\/types\/page"}],"author":[{"embeddable":true,"href":"https:\/\/hospediarent.com\/index.php?rest_route=\/wp\/v2\/users\/1"}],"replies":[{"embeddable":true,"href":"https:\/\/hospediarent.com\/index.php?rest_route=%2Fwp%2Fv2%2Fcomments&post=35042"}],"version-history":[{"count":4,"href":"https:\/\/hospediarent.com\/index.php?rest_route=\/wp\/v2\/pages\/35042\/revisions"}],"predecessor-version":[{"id":37130,"href":"https:\/\/hospediarent.com\/index.php?rest_route=\/wp\/v2\/pages\/35042\/revisions\/37130"}],"wp:attachment":[{"href":"https:\/\/hospediarent.com\/index.php?rest_route=%2Fwp%2Fv2%2Fmedia&parent=35042"}],"curies":[{"name":"wp","href":"https:\/\/api.w.org\/{rel}","templated":true}]}}